{"id":3,"date":"2023-02-27T09:22:08","date_gmt":"2023-02-27T09:22:08","guid":{"rendered":"https:\/\/easylpd.ch\/?page_id=3"},"modified":"2023-05-29T01:51:48","modified_gmt":"2023-05-28T23:51:48","slug":"privacy-notice","status":"publish","type":"page","link":"https:\/\/easylpd.ch\/fr\/avis-de-confidentialite\/","title":{"rendered":"Avis de confidentialit\u00e9"},"content":{"rendered":"<h1 class=\"privacy-policy-h1\">Avis de confidentialit\u00e9<\/h1>\r\n<h3 class=\"privacy-policy-h1\"><br \/>Date d'entr\u00e9e en vigueur : 30\/4\/2023 <br \/>Derni\u00e8re mise \u00e0 jour : 30\/4\/2023<\/h3>\r\n<p>&nbsp;<\/p>\r\n<p class=\"privacy-policy-p\">La pr\u00e9sente politique de confidentialit\u00e9 d\u00e9crit les politiques d'Advisorn GmbH, Via Valdani 2, 6830 Chiasso (Suisse), e-mail : privacy@easylpd.ch, t\u00e9l\u00e9phone : +41(0)912615093 en ce qui concerne la collecte, l'utilisation et la divulgation des donn\u00e9es que nous recueillons lorsque vous utilisez notre site web (<a href=\"https:\/\/easylpd.ch\/fr\/\">https:\/\/easylpd.ch<\/a>) (le \"service\"). En acc\u00e9dant au service ou en l'utilisant, vous consentez \u00e0 la collecte, \u00e0 l'utilisation et \u00e0 la divulgation de vos informations conform\u00e9ment \u00e0 la pr\u00e9sente politique de confidentialit\u00e9. Si vous n'y consentez pas, veuillez ne pas acc\u00e9der au service ni l'utiliser.<\/p>\r\n<p class=\"privacy-policy-p\">Nous pouvons modifier la pr\u00e9sente politique de confidentialit\u00e9 \u00e0 tout moment sans pr\u00e9avis et nous publierons la politique de confidentialit\u00e9 r\u00e9vis\u00e9e sur le service. La politique de confidentialit\u00e9 modifi\u00e9e entrera en vigueur 180 jours apr\u00e8s sa publication sur le service, et le fait de continuer \u00e0 acc\u00e9der au service ou \u00e0 l'utiliser apr\u00e8s cette date vaudra acceptation de la politique de confidentialit\u00e9 modifi\u00e9e. Il vous est donc conseill\u00e9 de consulter r\u00e9guli\u00e8rement cette page.<\/p>\r\n<p>&nbsp;<\/p>\r\n<h2 class=\"privacy-policy-h2\">1. Comment nous recueillons vos informations :<\/h2>\r\n<p class=\"privacy-policy-p\">Nous collectons\/recevons des informations sur l'utilisateur de la mani\u00e8re suivante :<\/p>\r\n<ol class=\"privacy-policy-ol\">\r\n<li style=\"list-style-type: none;\">\r\n<ol class=\"privacy-policy-ol\">\r\n<li>lorsque l'utilisateur remplit le formulaire d'inscription ou soumet d'une autre mani\u00e8re des informations personnelles<\/li>\r\n<li>lorsque l'utilisateur interagit avec le site web<\/li>\r\n<li>\u00e0 partir de sources publiques<\/li>\r\n<\/ol>\r\n<\/li>\r\n<\/ol>\r\n<p>&nbsp;<\/p>\r\n<h2 class=\"privacy-policy-h2\">2. Comment nous utilisons les informations des utilisateurs :<\/h2>\r\n<p class=\"privacy-policy-p\">Nous utiliserons les informations recueillies \u00e0 votre sujet aux fins suivantes :<\/p>\r\n<ol class=\"privacy-policy-ol\">\r\n<li>l'assistance<\/li>\r\n<\/ol>\r\n<p class=\"privacy-policy-p\">Si nous souhaitons utiliser vos informations \u00e0 d'autres fins, nous vous demanderons votre consentement et nous n'utiliserons vos informations qu'aux fins pour lesquelles nous avons obtenu votre consentement, \u00e0 moins que la loi ne nous oblige \u00e0 faire autrement.<\/p>\r\n<p>&nbsp;<\/p>\r\n<h2 class=\"privacy-policy-h2\">3. Comment nous partageons vos informations :<\/h2>\r\n<p class=\"privacy-policy-p\">Nous ne transmettrons pas vos informations personnelles \u00e0 des tiers sans vous demander votre consentement, sauf dans les cas limit\u00e9s d\u00e9crits ci-dessous :<\/p>\r\n<ol class=\"privacy-policy-ol\">\r\n<li>\u00e0 des fins analytiques et statistiques concernant le site web<\/li>\r\n<\/ol>\r\n<p class=\"privacy-policy-p\">Nous exigeons de ces tiers qu'ils n'utilisent les informations personnelles que nous leur transf\u00e9rons qu'aux fins pour lesquelles elles ont \u00e9t\u00e9 transf\u00e9r\u00e9es et qu'ils ne les conservent pas plus longtemps qu'il n'est n\u00e9cessaire pour atteindre ces fins.<\/p>\r\n<p class=\"privacy-policy-p\">Nous pouvons \u00e9galement divulguer vos informations personnelles dans les cas suivants : (1) se conformer aux lois, r\u00e9glementations, d\u00e9cisions de justice ou autres proc\u00e9dures l\u00e9gales ; (2) appliquer les contrats que vous avez conclus avec nous, y compris la pr\u00e9sente politique de confidentialit\u00e9 ; ou (3) r\u00e9pondre \u00e0 des plaintes selon lesquelles votre utilisation du service viole les droits de tiers. Si le service ou notre soci\u00e9t\u00e9 est fusionn\u00e9 ou acquis par une autre soci\u00e9t\u00e9, vos informations feront partie des actifs transf\u00e9r\u00e9s au nouveau propri\u00e9taire.<\/p>\r\n<p>&nbsp;<\/p>\r\n<h2 class=\"privacy-policy-h2\">4. Vos droits :<\/h2>\r\n<p class=\"privacy-policy-p\">Selon la loi applicable, vous pouvez avoir le droit d'acc\u00e9der \u00e0 vos donn\u00e9es \u00e0 caract\u00e8re personnel, de les rectifier ou de les effacer ou d'en recevoir une copie, de restreindre le traitement actif de vos donn\u00e9es ou de vous y opposer, de nous demander de partager (transf\u00e9rer) vos donn\u00e9es \u00e0 caract\u00e8re personnel avec une autre entit\u00e9, de r\u00e9voquer votre consentement au traitement de vos donn\u00e9es, de d\u00e9poser une plainte aupr\u00e8s d'une autorit\u00e9 judiciaire et d'exercer tout autre droit pr\u00e9vu par les lois applicables. Pour exercer ces droits, vous pouvez nous \u00e9crire \u00e0 privacy@easylpd.ch. Nous r\u00e9pondrons \u00e0 votre demande conform\u00e9ment aux lois applicables.<\/p>\r\n<p class=\"privacy-policy-p\">Vous devez savoir que si vous ne nous autorisez pas \u00e0 collecter ou \u00e0 traiter les informations personnelles que vous avez demand\u00e9es, ou si vous retirez votre consentement \u00e0 leur traitement aux fins demand\u00e9es, il se peut que vous ne puissiez pas acc\u00e9der aux services pour lesquels vos informations ont \u00e9t\u00e9 demand\u00e9es, ou que vous ne puissiez pas les utiliser.<\/p>\r\n<p>&nbsp;<\/p>\r\n<h2 class=\"privacy-policy-h2\">5. Cookies, etc.<\/h2>\r\n<p class=\"privacy-policy-p\">Pour en savoir plus sur la mani\u00e8re dont nous utilisons ces technologies de suivi et sur les choix de l'utilisateur en la mati\u00e8re, consultez notre site web \u00e0 l'adresse suivante <a href=\"https:\/\/easylpd.ch\/fr\/politique-en-matiere-de-cookies\/\" target=\"_blank\" rel=\"noopener\">Politique en mati\u00e8re de cookies<\/a>.<\/p>\r\n<p>&nbsp;<\/p>\r\n<h2 class=\"privacy-policy-h2\">6. La s\u00e9curit\u00e9 :<\/h2>\r\n<p class=\"privacy-policy-p\">La s\u00e9curit\u00e9 de vos informations est importante pour nous et nous prendrons des mesures raisonnables pour emp\u00eacher la perte, l'utilisation abusive ou la modification non autoris\u00e9e des informations sous notre contr\u00f4le. Toutefois, en raison des risques inh\u00e9rents, nous ne pouvons pas garantir une s\u00e9curit\u00e9 absolue et, par cons\u00e9quent, nous ne pouvons pas assurer ou garantir la s\u00e9curit\u00e9 des informations que vous nous transmettez et vous le faites \u00e0 vos propres risques.<\/p>\r\n<p>&nbsp;<\/p>\r\n<h2 class=\"privacy-policy-h2\">7. Responsable des plaintes et de la protection des donn\u00e9es :<\/h2>\r\n<p class=\"privacy-policy-p\">Si vous avez des questions ou des pr\u00e9occupations concernant le traitement de vos informations disponibles chez nous, vous pouvez envoyer un courriel \u00e0 notre directeur \u00e0 Advisorn GmbH, Via Valdani 2, Chiasso, courriel : privacy@easylpd.ch. Nous traiterons vos pr\u00e9occupations conform\u00e9ment \u00e0 la l\u00e9gislation applicable.<\/p>\r\n<p>&nbsp;<\/p>","protected":false},"excerpt":{"rendered":"<p>Privacy Notice Data di entrata in vigore: 30\/4\/2023 Ultimo aggiornamento: 30\/4\/2023 &nbsp; La presente Informativa sulla privacy descrive le politiche di Advisorn GmbH, Via Valdani 2, 6830 Chiasso (Svizzera), e-mail:&#8230;<\/p>","protected":false},"author":1,"featured_media":0,"parent":0,"menu_order":0,"comment_status":"closed","ping_status":"open","template":"","meta":{"_themeisle_gutenberg_block_has_review":false,"footnotes":""},"class_list":["post-3","page","type-page","status-publish"],"aioseo_notices":[],"_links":{"self":[{"href":"https:\/\/easylpd.ch\/fr\/wp-json\/wp\/v2\/pages\/3","targetHints":{"allow":["GET"]}}],"collection":[{"href":"https:\/\/easylpd.ch\/fr\/wp-json\/wp\/v2\/pages"}],"about":[{"href":"https:\/\/easylpd.ch\/fr\/wp-json\/wp\/v2\/types\/page"}],"author":[{"embeddable":true,"href":"https:\/\/easylpd.ch\/fr\/wp-json\/wp\/v2\/users\/1"}],"replies":[{"embeddable":true,"href":"https:\/\/easylpd.ch\/fr\/wp-json\/wp\/v2\/comments?post=3"}],"version-history":[{"count":10,"href":"https:\/\/easylpd.ch\/fr\/wp-json\/wp\/v2\/pages\/3\/revisions"}],"predecessor-version":[{"id":383,"href":"https:\/\/easylpd.ch\/fr\/wp-json\/wp\/v2\/pages\/3\/revisions\/383"}],"wp:attachment":[{"href":"https:\/\/easylpd.ch\/fr\/wp-json\/wp\/v2\/media?parent=3"}],"curies":[{"name":"wp","href":"https:\/\/api.w.org\/{rel}","templated":true}]}}