{"id":257,"date":"2023-04-30T08:15:38","date_gmt":"2023-04-30T06:15:38","guid":{"rendered":"https:\/\/easylpd.ch\/?page_id=257"},"modified":"2023-05-01T08:42:47","modified_gmt":"2023-05-01T06:42:47","slug":"cookie-policy","status":"publish","type":"page","link":"https:\/\/easylpd.ch\/fr\/politique-en-matiere-de-cookies\/","title":{"rendered":"Politique en mati\u00e8re de cookies"},"content":{"rendered":"<h1 class=\"cookie-policy-h1 wp-block-heading\">Politique en mati\u00e8re de cookies<\/h1>\r\n<p>Date d'entr\u00e9e en vigueur : 30\/4\/2023 <br \/>Derni\u00e8re mise \u00e0 jour : 30\/4\/2023<\/p>\r\n<p>&nbsp;<\/p>\r\n<h2 class=\"wp-block-heading\">A propos de nous<\/h2>\r\n\r\n\r\n\r\n<p><strong class=\"privacy-policy-tutorial\">L'adresse de notre site web est la suivante :<\/strong> <a href=\"https:\/\/easylpd.ch\/fr\/\">https:\/\/easylpd.ch<\/a>.<\/p>\r\n<p>&nbsp;<\/p>\r\n\r\n<h2>Qu'est-ce qu'un biscuit ?<\/h2>\r\n<div class=\"cookie-policy-p\">\r\n<p>La pr\u00e9sente politique explique ce que sont les cookies et comment nous les utilisons, les types de cookies que nous utilisons, les informations que nous collectons \u00e0 l'aide des cookies et comment nous les utilisons, et comment g\u00e9rer vos param\u00e8tres de cookies.<\/p>\r\n<p>Les cookies sont de petits fichiers texte utilis\u00e9s pour stocker de petits \u00e9l\u00e9ments d'information. Ils sont stock\u00e9s sur votre appareil lorsque le site web est charg\u00e9 sur votre navigateur. Ces cookies nous aident \u00e0 faire fonctionner le site web correctement, \u00e0 le rendre plus s\u00fbr, \u00e0 offrir une meilleure exp\u00e9rience \u00e0 l'utilisateur, \u00e0 comprendre comment le site web fonctionne et \u00e0 analyser ce qui fonctionne et ce qui doit \u00eatre am\u00e9lior\u00e9.<\/p>\r\n<\/div>\r\n<p>&nbsp;<\/p>\r\n<h2>Comment utilisons-nous les cookies ?<\/h2>\r\n<div class=\"cookie-policy-p\">\r\n<p>Comme la plupart des services en ligne, notre site web utilise des cookies directs et des cookies tiers \u00e0 des fins diff\u00e9rentes. Les cookies directs sont essentiellement n\u00e9cessaires au bon fonctionnement du site web et ne collectent aucune donn\u00e9e personnelle.<\/p>\r\n<p>Les cookies de tiers utilis\u00e9s sur notre site web servent principalement \u00e0 comprendre le fonctionnement du site web, la mani\u00e8re dont vous interagissez avec notre site web, \u00e0 assurer la s\u00e9curit\u00e9 de nos services, \u00e0 fournir des publicit\u00e9s pertinentes pour vous et, en g\u00e9n\u00e9ral, \u00e0 vous offrir une exp\u00e9rience utilisateur meilleure et am\u00e9lior\u00e9e et \u00e0 acc\u00e9l\u00e9rer vos interactions futures avec notre site web.<\/p>\r\n<\/div>\r\n<p>&nbsp;<\/p>\r\n<h2>Types de cookies que nous utilisons<\/h2>\r\n<div class=\"cky-audit-table-element\">\u00a0<\/div>\r\n<p>&nbsp;<\/p>\r\n<h2 style=\"margin-bottom: 20px;\">Gestion des pr\u00e9f\u00e9rences en mati\u00e8re de cookies<\/h2>\r\n<p>Param\u00e8tres des cookies<\/p>\r\n<div>\r\n<p>Vous pouvez modifier vos pr\u00e9f\u00e9rences en mati\u00e8re de cookies \u00e0 tout moment en cliquant sur le bouton ci-dessus. Vous pouvez ainsi afficher la banni\u00e8re de consentement aux cookies et modifier vos pr\u00e9f\u00e9rences ou retirer votre consentement imm\u00e9diatement.<\/p>\r\n<p>En outre, les navigateurs proposent des m\u00e9thodes diff\u00e9rentes pour bloquer et supprimer les cookies utilis\u00e9s par les sites web. Vous pouvez modifier les param\u00e8tres de votre navigateur pour bloquer\/supprimer les cookies. Vous trouverez ci-dessous des liens vers des documents d'assistance sur la mani\u00e8re de g\u00e9rer et de supprimer les cookies des principaux navigateurs web.<\/p>\r\n<p>Chrome : <a href=\"https:\/\/support.google.com\/accounts\/answer\/32050\" target=\"_blank\" rel=\"noopener\">https:\/\/support.google.com\/accounts\/answer\/32050<\/a><\/p>\r\n<p>Safari : <a href=\"https:\/\/support.apple.com\/en-in\/guide\/safari\/sfri11471\/mac\" target=\"_blank\" rel=\"noopener\">https:\/\/support.apple.com\/en-in\/guide\/safari\/sfri11471\/mac<\/a><\/p>\r\n<p>Firefox : <a href=\"https:\/\/support.mozilla.org\/en-US\/kb\/clear-cookies-and-site-data-firefox?redirectslug=delete-cookies-remove-info-websites-stored&amp;redirectlocale=en-US\" target=\"_blank\" rel=\"noopener\">https:\/\/support.mozilla.org\/en-US\/kb\/clear-cookies-and-site-data-firefox?redirectslug=delete-cookies-remove-info-websites-stored&amp;redirectlocale=en-US<\/a><\/p>\r\n<p>Internet Explorer : <a href=\"https:\/\/support.microsoft.com\/en-us\/topic\/how-to-delete-cookie-files-in-internet-explorer-bca9446f-d873-78de-77ba-d42645fa52fc\" target=\"_blank\" rel=\"noopener\">https:\/\/support.microsoft.com\/en-us\/topic\/how-to-delete-cookie-files-in-internet-explorer-bca9446f-d873-78de-77ba-d42645fa52fc<\/a><\/p>\r\n<p>Si vous utilisez un autre navigateur web, veuillez consulter les documents d'assistance officiels du navigateur.<\/p>\r\n<\/div>","protected":false},"excerpt":{"rendered":"<p>Cookie Policy Data di entrata in vigore: 30\/4\/2023 Ultimo aggiornamento: 30\/4\/2023 &nbsp; Chi siamo L&#8217;indirizzo del nostro sito web \u00e8: https:\/\/easylpd.ch. &nbsp; Cosa sono i cookie? La presente Informativa spiega&#8230;<\/p>","protected":false},"author":1,"featured_media":0,"parent":0,"menu_order":0,"comment_status":"closed","ping_status":"open","template":"","meta":{"_themeisle_gutenberg_block_has_review":false,"footnotes":""},"class_list":["post-257","page","type-page","status-publish"],"aioseo_notices":[],"_links":{"self":[{"href":"https:\/\/easylpd.ch\/fr\/wp-json\/wp\/v2\/pages\/257","targetHints":{"allow":["GET"]}}],"collection":[{"href":"https:\/\/easylpd.ch\/fr\/wp-json\/wp\/v2\/pages"}],"about":[{"href":"https:\/\/easylpd.ch\/fr\/wp-json\/wp\/v2\/types\/page"}],"author":[{"embeddable":true,"href":"https:\/\/easylpd.ch\/fr\/wp-json\/wp\/v2\/users\/1"}],"replies":[{"embeddable":true,"href":"https:\/\/easylpd.ch\/fr\/wp-json\/wp\/v2\/comments?post=257"}],"version-history":[{"count":5,"href":"https:\/\/easylpd.ch\/fr\/wp-json\/wp\/v2\/pages\/257\/revisions"}],"predecessor-version":[{"id":282,"href":"https:\/\/easylpd.ch\/fr\/wp-json\/wp\/v2\/pages\/257\/revisions\/282"}],"wp:attachment":[{"href":"https:\/\/easylpd.ch\/fr\/wp-json\/wp\/v2\/media?parent=257"}],"curies":[{"name":"wp","href":"https:\/\/api.w.org\/{rel}","templated":true}]}}