{"id":3,"date":"2023-02-27T09:22:08","date_gmt":"2023-02-27T09:22:08","guid":{"rendered":"https:\/\/easylpd.ch\/?page_id=3"},"modified":"2023-05-29T01:51:48","modified_gmt":"2023-05-28T23:51:48","slug":"privacy-notice","status":"publish","type":"page","link":"https:\/\/easylpd.ch\/de\/datenschutzhinweis\/","title":{"rendered":"Hinweis zum Datenschutz"},"content":{"rendered":"<h1 class=\"privacy-policy-h1\">Hinweis zum Datenschutz<\/h1>\r\n<h3 class=\"privacy-policy-h1\"><br \/>Datum des Inkrafttretens: 30\/4\/2023 <br \/>Letzte Aktualisierung: 30\/4\/2023<\/h3>\r\n<p>&nbsp;<\/p>\r\n<p class=\"privacy-policy-p\">Diese Datenschutzrichtlinie beschreibt die Richtlinien der Advisorn GmbH, Via Valdani 2, 6830 Chiasso (Schweiz), E-Mail: privacy@easylpd.ch, Telefon: +41(0)912615093 bez\u00fcglich der Erhebung, Nutzung und Weitergabe Ihrer Daten, die wir bei der Nutzung unserer Website (<a href=\"https:\/\/easylpd.ch\/de\/\">https:\/\/easylpd.ch<\/a>) (der \"Dienst\"). Indem Sie auf den Dienst zugreifen oder ihn nutzen, erkl\u00e4ren Sie sich mit der Erfassung, Nutzung und Offenlegung Ihrer Daten in \u00dcbereinstimmung mit dieser Datenschutzrichtlinie einverstanden. Wenn Sie damit nicht einverstanden sind, greifen Sie bitte nicht auf den Dienst zu und nutzen Sie ihn nicht.<\/p>\r\n<p class=\"privacy-policy-p\">Wir k\u00f6nnen diese Datenschutzrichtlinie jederzeit ohne Vorank\u00fcndigung \u00e4ndern und werden die ge\u00e4nderte Datenschutzrichtlinie auf dem Dienst ver\u00f6ffentlichen. Die ge\u00e4nderte Datenschutzrichtlinie tritt 180 Tage nach der Ver\u00f6ffentlichung der ge\u00e4nderten Datenschutzrichtlinie auf dem Dienst in Kraft, und wenn Sie nach diesem Datum weiterhin auf den Dienst zugreifen oder ihn nutzen, erkl\u00e4ren Sie sich mit der ge\u00e4nderten Datenschutzrichtlinie einverstanden. Sie sollten diese Seite daher regelm\u00e4\u00dfig \u00fcberpr\u00fcfen.<\/p>\r\n<p>&nbsp;<\/p>\r\n<h2 class=\"privacy-policy-h2\">1. Wie wir Ihre Informationen sammeln:<\/h2>\r\n<p class=\"privacy-policy-p\">Wir sammeln\/erhalten Informationen \u00fcber den Nutzer auf folgende Weise:<\/p>\r\n<ol class=\"privacy-policy-ol\">\r\n<li style=\"list-style-type: none;\">\r\n<ol class=\"privacy-policy-ol\">\r\n<li>wenn der Nutzer das Anmeldeformular ausf\u00fcllt oder auf andere Weise personenbezogene Daten \u00fcbermittelt<\/li>\r\n<li>wenn der Nutzer mit der Website interagiert<\/li>\r\n<li>aus \u00f6ffentlichen Quellen<\/li>\r\n<\/ol>\r\n<\/li>\r\n<\/ol>\r\n<p>&nbsp;<\/p>\r\n<h2 class=\"privacy-policy-h2\">2. Wie wir Benutzerinformationen verwenden:<\/h2>\r\n<p class=\"privacy-policy-p\">Wir werden die \u00fcber Sie gesammelten Informationen f\u00fcr die folgenden Zwecke verwenden:<\/p>\r\n<ol class=\"privacy-policy-ol\">\r\n<li>Unterst\u00fctzung<\/li>\r\n<\/ol>\r\n<p class=\"privacy-policy-p\">Wenn wir Ihre Daten f\u00fcr einen anderen Zweck verwenden wollen, werden wir Sie um Ihre Zustimmung bitten und Ihre Daten nur f\u00fcr den Zweck oder die Zwecke verwenden, f\u00fcr die wir Ihre Zustimmung erhalten haben, es sei denn, wir sind gesetzlich zu etwas anderem verpflichtet.<\/p>\r\n<p>&nbsp;<\/p>\r\n<h2 class=\"privacy-policy-h2\">3. Wie wir Ihre Informationen weitergeben:<\/h2>\r\n<p class=\"privacy-policy-p\">Wir werden Ihre pers\u00f6nlichen Daten nicht an Dritte weitergeben, ohne Sie um Ihre Zustimmung zu bitten, au\u00dfer unter den unten beschriebenen begrenzten Umst\u00e4nden:<\/p>\r\n<ol class=\"privacy-policy-ol\">\r\n<li>analytische und statistische Zwecke im Zusammenhang mit der Website<\/li>\r\n<\/ol>\r\n<p class=\"privacy-policy-p\">Wir verlangen von diesen Dritten, dass sie die personenbezogenen Daten, die wir ihnen \u00fcbermitteln, nur f\u00fcr den Zweck verwenden, f\u00fcr den sie \u00fcbermittelt wurden, und sie nicht l\u00e4nger aufbewahren, als es zur Erf\u00fcllung dieses Zwecks erforderlich ist.<\/p>\r\n<p class=\"privacy-policy-p\">Wir k\u00f6nnen Ihre pers\u00f6nlichen Daten auch aus den folgenden Gr\u00fcnden offenlegen: (1) zur Einhaltung von Gesetzen, Vorschriften, Gerichtsbeschl\u00fcssen oder anderen rechtlichen Verfahren; (2) zur Durchsetzung von Vertr\u00e4gen, die Sie mit uns geschlossen haben, einschlie\u00dflich dieser Datenschutzrichtlinie; oder (3) um auf Klagen zu reagieren, dass Ihre Nutzung des Dienstes die Rechte Dritter verletzt. Wenn der Dienst oder unser Unternehmen mit einem anderen Unternehmen fusioniert oder \u00fcbernommen wird, geh\u00f6ren Ihre Daten zu den Verm\u00f6genswerten, die an den neuen Eigent\u00fcmer \u00fcbertragen werden.<\/p>\r\n<p>&nbsp;<\/p>\r\n<h2 class=\"privacy-policy-h2\">4. Ihre Rechte:<\/h2>\r\n<p class=\"privacy-policy-p\">Je nach geltendem Recht haben Sie das Recht, auf Ihre personenbezogenen Daten zuzugreifen, sie zu berichtigen oder zu l\u00f6schen oder eine Kopie davon zu erhalten, die aktive Verarbeitung Ihrer Daten einzuschr\u00e4nken oder ihr zu widersprechen, uns zu bitten, Ihre personenbezogenen Daten an eine andere Einrichtung weiterzugeben (zu \u00fcbertragen), Ihre Zustimmung zur Verarbeitung Ihrer Daten zu widerrufen, eine Beschwerde bei einer Justizbeh\u00f6rde einzureichen und alle anderen Rechte auszu\u00fcben, die in den geltenden Gesetzen vorgesehen sind. Um diese Rechte auszu\u00fcben, k\u00f6nnen Sie sich schriftlich an uns wenden: privacy@easylpd.ch. Wir werden Ihre Anfrage in \u00dcbereinstimmung mit den geltenden Gesetzen beantworten.<\/p>\r\n<p class=\"privacy-policy-p\">Sie sollten sich dar\u00fcber im Klaren sein, dass Sie m\u00f6glicherweise nicht in der Lage sind, auf die Dienste zuzugreifen oder diese zu nutzen, f\u00fcr die Ihre Daten angefordert wurden, wenn Sie uns nicht gestatten, die von Ihnen angeforderten personenbezogenen Daten zu sammeln oder zu verarbeiten, oder wenn Sie Ihre Zustimmung zu deren Verarbeitung f\u00fcr die angeforderten Zwecke zur\u00fcckziehen.<\/p>\r\n<p>&nbsp;<\/p>\r\n<h2 class=\"privacy-policy-h2\">5. Cookies usw.<\/h2>\r\n<p class=\"privacy-policy-p\">Weitere Informationen \u00fcber unsere Verwendung und die Wahlm\u00f6glichkeiten der Nutzer in Bezug auf diese Tracking-Technologien finden Sie in unserer <a href=\"https:\/\/easylpd.ch\/de\/cookie-richtlinie\/\" target=\"_blank\" rel=\"noopener\">Cookie-Richtlinie<\/a>.<\/p>\r\n<p>&nbsp;<\/p>\r\n<h2 class=\"privacy-policy-h2\">6. Sicherheit:<\/h2>\r\n<p class=\"privacy-policy-p\">Die Sicherheit Ihrer Daten ist uns wichtig, und wir werden angemessene Ma\u00dfnahmen ergreifen, um den Verlust, den Missbrauch oder die unbefugte \u00c4nderung Ihrer Daten unter unserer Kontrolle zu verhindern. Aufgrund der damit verbundenen Risiken k\u00f6nnen wir jedoch keine absolute Sicherheit garantieren. Daher k\u00f6nnen wir die Sicherheit von Informationen, die Sie uns \u00fcbermitteln, weder gew\u00e4hrleisten noch garantieren, und Sie tun dies auf eigenes Risiko.<\/p>\r\n<p>&nbsp;<\/p>\r\n<h2 class=\"privacy-policy-h2\">7. Beschwerde-\/Datenschutzbeauftragter:<\/h2>\r\n<p class=\"privacy-policy-p\">Wenn Sie Fragen oder Bedenken bez\u00fcglich der Verarbeitung Ihrer Daten bei uns haben, k\u00f6nnen Sie eine E-Mail an unseren Manager bei Advisorn GmbH, Via Valdani 2, Chiasso, E-Mail: privacy@easylpd.ch senden. Wir werden Ihre Bedenken in \u00dcbereinstimmung mit dem geltenden Recht behandeln.<\/p>\r\n<p>&nbsp;<\/p>","protected":false},"excerpt":{"rendered":"<p>Privacy Notice Data di entrata in vigore: 30\/4\/2023 Ultimo aggiornamento: 30\/4\/2023 &nbsp; La presente Informativa sulla privacy descrive le politiche di Advisorn GmbH, Via Valdani 2, 6830 Chiasso (Svizzera), e-mail:&#8230;<\/p>","protected":false},"author":1,"featured_media":0,"parent":0,"menu_order":0,"comment_status":"closed","ping_status":"open","template":"","meta":{"_themeisle_gutenberg_block_has_review":false,"footnotes":""},"class_list":["post-3","page","type-page","status-publish"],"aioseo_notices":[],"_links":{"self":[{"href":"https:\/\/easylpd.ch\/de\/wp-json\/wp\/v2\/pages\/3","targetHints":{"allow":["GET"]}}],"collection":[{"href":"https:\/\/easylpd.ch\/de\/wp-json\/wp\/v2\/pages"}],"about":[{"href":"https:\/\/easylpd.ch\/de\/wp-json\/wp\/v2\/types\/page"}],"author":[{"embeddable":true,"href":"https:\/\/easylpd.ch\/de\/wp-json\/wp\/v2\/users\/1"}],"replies":[{"embeddable":true,"href":"https:\/\/easylpd.ch\/de\/wp-json\/wp\/v2\/comments?post=3"}],"version-history":[{"count":10,"href":"https:\/\/easylpd.ch\/de\/wp-json\/wp\/v2\/pages\/3\/revisions"}],"predecessor-version":[{"id":383,"href":"https:\/\/easylpd.ch\/de\/wp-json\/wp\/v2\/pages\/3\/revisions\/383"}],"wp:attachment":[{"href":"https:\/\/easylpd.ch\/de\/wp-json\/wp\/v2\/media?parent=3"}],"curies":[{"name":"wp","href":"https:\/\/api.w.org\/{rel}","templated":true}]}}