{"id":259,"date":"2023-04-30T08:16:24","date_gmt":"2023-04-30T06:16:24","guid":{"rendered":"https:\/\/easylpd.ch\/?page_id=259"},"modified":"2023-05-01T09:01:41","modified_gmt":"2023-05-01T07:01:41","slug":"termini-di-utilizzo","status":"publish","type":"page","link":"https:\/\/easylpd.ch\/de\/nutzungsbedingungen\/","title":{"rendered":"Nutzungsbedingungen"},"content":{"rendered":"<h1><strong>Nutzungsbedingungen<\/strong><\/h1>\n<p>&nbsp;<\/p>\n<p><strong>Datum des Inkrafttretens: 30\/4\/2023<\/strong><br \/>\n<strong>Letzte Aktualisierung: 30\/4\/2023<\/strong><\/p>\n<p>&nbsp;<\/p>\n<p>Mit dem Zugriff auf https:\/\/easylpd.ch erkl\u00e4ren Sie sich mit diesen Nutzungsbedingungen und allen geltenden Gesetzen und Vorschriften einverstanden und stimmen zu, dass Sie f\u00fcr die Einhaltung aller geltenden lokalen Gesetze verantwortlich sind. Wenn Sie mit einer dieser Bedingungen nicht einverstanden sind, ist Ihnen die Nutzung oder der Zugriff auf diese Website untersagt.<\/p>\n<p>&nbsp;<\/p>\n<h3><strong>VORWORT<\/strong> \u200d<\/h3>\n<p>Diese Nutzungsbedingungen (die \"Bedingungen\") regeln die Nutzung der Website https:\/\/easylpd.ch (die \"Website\") durch den Nutzer und die auf oder \u00fcber die Website angebotenen Dienstleistungen (die \"Dienstleistungen\"). Die Website ist Eigentum der Advisorn GmbH, einer ordnungsgem\u00e4\u00df nach schweizerischem Recht gegr\u00fcndeten Gesellschaft mit Sitz in Via Valdani 2, 6830 Chiasso, Schweiz (\"Gesellschaft\", \"wir\" oder \"uns\") und wird von ihr verwaltet.<\/p>\n<p>&nbsp;<\/p>\n<h3><strong>1. DEFINITIONEN<\/strong><\/h3>\n<p>\"Urheberrechte\" bedeutet Software, mobile Software, Algorithmen, Code, Audio, Video, Text, Animation, Dateien, Fotos, Zeichnungen, Grafiken, Layouts, Bilder, Video, Informationen und deren Auswahl und Anordnung, die \u00fcber die Website verbreitet werden;<\/p>\n<p>Rechte an geistigem Eigentum oder IPR\" sind Urheberrechte, Patente, eingetragene Geschmacksmuster, Designrechte, Datenbankrechte, Marken, Gesch\u00e4ftsgeheimnisse, Know-how oder andere eingetragene oder nicht eingetragene Eigentums- oder gewerbliche Rechte;<\/p>\n<p>\"Dienste\" bezeichnet die \u00fcber die Website angebotenen Dienste.<\/p>\n<p>\"Dritte\" bedeutet jede nat\u00fcrliche Person, die kein Nutzer oder Besucher ist;<\/p>\n<p>\"Nutzer\" die Website. Ein Nutzer ist berechtigt, alle Dienste der Website zu nutzen;<\/p>\n<p>\"Besucher\" bezeichnet eine nat\u00fcrliche oder juristische Person, die die Website nutzt, ohne sich als Nutzer registriert zu haben.<\/p>\n<p>Website\" bezeichnet diese Website.<\/p>\n<p>&nbsp;<\/p>\n<h3><strong>2. TERMINE<\/strong><\/h3>\n<p>Indem Sie auf der Website surfen, unseren Newsletter abonnieren und\/oder uns kontaktieren, best\u00e4tigen Sie, dass Sie diese Bedingungen gelesen und verstanden haben, und erkl\u00e4ren sich damit einverstanden, an sie gebunden zu sein und diese Bedingungen sowie alle geltenden Gesetze und Vorschriften einzuhalten. Wenn Sie mit diesen Bedingungen nicht einverstanden sind, m\u00fcssen Sie von der Nutzung der Website absehen.<\/p>\n<p>Die Zustimmung wird nur einmal erteilt, und zwar durch Anklicken der Schaltfl\u00e4che \"Ich akzeptiere\" in dem Pop-up-Fenster, das bei der ersten Verbindung erscheint. Indem Sie Ihre Zustimmung geben, best\u00e4tigen Sie, dass Ihr Kenntnisstand der Sprache der Website ausreicht, um die Bedeutung der Bedingungen und aller darin enthaltenen Zusicherungen, Gew\u00e4hrleistungen, Verzichtserkl\u00e4rungen und Verpflichtungen zu verstehen.<\/p>\n<p>Wenn Sie die Website im Namen eines Unternehmens oder einer anderen juristischen Person besuchen, erkl\u00e4ren und garantieren Sie, dass Sie befugt sind, dieses Unternehmen oder diese juristische Person an diese Bedingungen zu binden und diese Bedingungen im Namen dieses Unternehmens oder dieser juristischen Person zu akzeptieren.<\/p>\n<p>&nbsp;<\/p>\n<h3><strong>3. \u00c4NDERUNGEN DER DIENSTBEDINGUNGEN<\/strong><\/h3>\n<p>Das Unternehmen beh\u00e4lt sich das Recht vor, nach eigenem Ermessen \u00c4nderungen und\/oder Erg\u00e4nzungen an diesen Bedingungen vorzunehmen. Ihre fortgesetzte Nutzung der Website nach solchen \u00c4nderungen, mit oder ohne Ihre ausdr\u00fcckliche Zustimmung zu den neuen Bedingungen, gilt als Ihre Zustimmung zu diesen \u00c4nderungen.<\/p>\n<p>&nbsp;<\/p>\n<h3><strong>4. HAFTUNGSAUSSCHLUSS<\/strong><\/h3>\n<p>Die Materialien auf der Website werden \"wie besehen\" zur Verf\u00fcgung gestellt. Das Unternehmen gibt keine ausdr\u00fccklichen oder stillschweigenden Garantien und lehnt hiermit alle anderen Garantien ab, einschlie\u00dflich, aber nicht beschr\u00e4nkt auf, stillschweigende Garantien oder Bedingungen der Marktg\u00e4ngigkeit, der Eignung f\u00fcr einen bestimmten Zweck oder der Nichtverletzung von geistigem Eigentum oder anderen Rechtsverletzungen.<\/p>\n<p>Dar\u00fcber hinaus \u00fcbernimmt das Unternehmen keine Gew\u00e4hr f\u00fcr die Richtigkeit, die wahrscheinlichen Ergebnisse oder die Zuverl\u00e4ssigkeit der Nutzung der Materialien auf seiner Website oder in Bezug auf solche Materialien oder auf Websites, die mit dieser Website verlinkt sind, und gibt keine Zusicherungen ab.<\/p>\n<p>Wenn Sie uns Feedback oder Kommentare zur Website geben, r\u00e4umen Sie uns das Recht ein, dieses Feedback oder diese Kommentare f\u00fcr jeden Zweck zu verwenden, ohne dass Sie daf\u00fcr eine Verg\u00fctung erhalten.<\/p>\n<p>&nbsp;<\/p>\n<h3><strong>5. ZWECK DER WEBSITE<\/strong><\/h3>\n<p>Die Website beschreibt lediglich die angebotenen Dienste.<\/p>\n<p>Die Website stellt keine Empfehlung oder Bef\u00fcrwortung der Qualit\u00e4t, des Dienstleistungsniveaus, der Qualifikation oder der Bewertung der darin enthaltenen Dienstleistungen dar und sollte auch nicht als solche angesehen werden.<\/p>\n<p>Dar\u00fcber hinaus sind die Informationen, die auf der Website enthalten sind oder durch sie bereitgestellt werden, nicht als rechtliche, finanzielle, gesch\u00e4ftliche oder sonstige Beratung gedacht und stellen keine solche dar.<\/p>\n<p>&nbsp;<\/p>\n<h3><strong>6. VERBOTENE AKTIONEN<\/strong><\/h3>\n<p>Sie sind berechtigt, die Website nur in \u00dcbereinstimmung mit den Gesetzen des Landes, in dem Sie wohnen, und des Landes, von dem aus Sie auf die Website zugreifen, zu nutzen. Sie d\u00fcrfen diese Website nur in rechtm\u00e4\u00dfiger Weise nutzen. Jede illegale oder unangemessene Nutzung der Website ist verboten.<\/p>\n<p>&nbsp;<\/p>\n<h3><strong>7. URHEBERRECHTE<\/strong><\/h3>\n<p>Das Urheberrecht und alle anderen Eigentumsrechte in Bezug auf den auf der Website verf\u00fcgbaren Inhalt (einschlie\u00dflich, aber nicht beschr\u00e4nkt auf Software, Software f\u00fcr mobile Ger\u00e4te, Algorithmen, Code, Audio, Video, Text, Animationen, Dateien, Fotos, Zeichnungen, Grafiken, Layouts, Bilder, Videos, Informationen sowie deren Auswahl und Anordnung) (im Folgenden auch als \"Website-Inhalt\" bezeichnet) sind das ausschlie\u00dfliche Eigentum des Unternehmens oder seiner Lizenzgeber. Alle Urheberrechte und geistigen Eigentumsrechte an den Inhalten der Website, die hier nicht ausdr\u00fccklich gew\u00e4hrt werden, sind dem Unternehmen vorbehalten. Alle Urheberrechts- und sonstigen Eigentumshinweise m\u00fcssen auf allen Reproduktionen beibehalten werden.<\/p>\n<p>Jede andere Verwendung des Inhalts der Website, einschlie\u00dflich, aber nicht beschr\u00e4nkt auf die Verteilung, Vervielf\u00e4ltigung, \u00c4nderung, Bereitstellung, \u00f6ffentliche Mitteilung, \u00f6ffentliche Auff\u00fchrung, Einrahmung, Herunterladen, Anzeige oder \u00dcbertragung, im Ganzen oder in Teilen, ohne die vorherige schriftliche Zustimmung des Unternehmens ist streng verboten.<\/p>\n<p>Es ist nicht gestattet, den Quellcode der gesamten oder eines Teils der Software oder der mobilen Software (im Folgenden auch als \"Software\" bezeichnet) abzuleiten oder zu versuchen, ihn abzuleiten, noch Dritten zu gestatten, einen solchen Quellcode abzuleiten oder zu versuchen, ihn abzuleiten, noch die Software oder einen Teil davon zur\u00fcckzuentwickeln, zu dekompilieren, zu disassemblieren oder zu \u00fcbersetzen.<\/p>\n<p>Das Unternehmen und seine Lizenzgeber sind Eigent\u00fcmer und behalten alle geistigen Eigentums- und sonstigen Rechte an der Software und allen \u00c4nderungen, Modifikationen oder Korrekturen daran, mit Ausnahme von Open-Source-Software, die in Verbindung mit der Website verwendet wird.<\/p>\n<p>Das Unternehmen und seine Lizenzgeber behalten sich ausdr\u00fccklich alle Urheberrechte und Rechte am geistigen Eigentum an allen Texten, Programmen, Produkten, Verfahren, Technologien, Inhalten, Quellcodes, Objektcodes, Layouts und anderen Materialien vor, die auf der Website erscheinen. Durch den Zugriff auf die Website wird niemandem eine Lizenz im Rahmen unserer Urheberrechte und geistigen Eigentumsrechte oder der Rechte Dritter gew\u00e4hrt, und es kann auch nicht davon ausgegangen werden, dass eine solche Lizenz gew\u00e4hrt wird. Jegliche Nutzung der Website, einschlie\u00dflich des Kopierens oder Speicherns der Website im Ganzen oder in Teilen, f\u00fcr andere als pers\u00f6nliche und nicht gewerbliche Zwecke ist ohne vorherige Zustimmung des Unternehmens untersagt.<\/p>\n<p>&nbsp;<\/p>\n<h3><strong>8. WARENZEICHEN UND DOM\u00c4NENNAMEN<\/strong><\/h3>\n<p>Die Namen und Logos des Unternehmens sowie alle damit verbundenen Produkt- und Dienstleistungsnamen und Domainnamen sind Marken und Domainnamen des Unternehmens oder seiner Lizenzgeber. Es wird keine Markenlizenz in Bezug auf die auf der Website enthaltenen Materialien gew\u00e4hrt. Der Zugriff auf die Website erm\u00e4chtigt niemanden, die Namen, Logos oder Marken des Unternehmens oder seiner Lizenzgeber in irgendeiner Weise zu verwenden.<\/p>\n<p>Sie d\u00fcrfen die Marken, auch als Teil von Marken und\/oder als Teil von Domainnamen, in Verbindung mit einem Produkt oder einer Dienstleistung nicht in einer Weise verwenden, die geeignet ist, Verwirrung zu stiften oder den Eindruck zu erwecken, dass das Unternehmen ein Produkt oder eine Dienstleistung bef\u00fcrwortet. Sie d\u00fcrfen die Marken und Domainnamen nicht ohne vorherige schriftliche Genehmigung des Unternehmens reproduzieren oder verwenden.<\/p>\n<p>&nbsp;<\/p>\n<h3><strong>9. RECHTE VORBEHALTEN<\/strong><\/h3>\n<p>Das Unternehmen kann Ihre F\u00e4higkeit, die Website zu nutzen oder auf sie zuzugreifen, ganz oder teilweise, ohne Vorank\u00fcndigung und jederzeit nach eigenem Ermessen sperren, beenden oder aussetzen sowie die Website abschalten oder einstellen. Das Unternehmen beh\u00e4lt sich das Recht vor, Ihnen das Recht auf Zugang und Nutzung der Website zu entziehen, wenn Sie gegen diese Bedingungen oder gegen andere hierin genannte Bedingungen, Gesetze oder Richtlinien versto\u00dfen oder wenn Sie anderweitig Risiken oder m\u00f6gliche rechtliche Risiken f\u00fcr das Unternehmen verursachen.<\/p>\n<p>Das Unternehmen beh\u00e4lt sich das Recht vor, rechtliche Schritte gegen jede Person einzuleiten, die die Website in betr\u00fcgerischer Weise nutzt oder andere illegale Handlungen oder Unterlassungen begeht, die gegen diese Bedingungen versto\u00dfen.<\/p>\n<p>&nbsp;<\/p>\n<h3><strong>10. VERF\u00dcGBARKEIT, DIENSTEINSCHR\u00c4NKUNGEN UND \u00c4NDERUNGEN<\/strong><\/h3>\n<p>Die Website und der Inhalt sind m\u00f6glicherweise nicht in allen Gebieten und Gerichtsbarkeiten verf\u00fcgbar, und wir k\u00f6nnen die Nutzung der Website und des Inhalts in bestimmten Gebieten und Gerichtsbarkeiten ganz oder teilweise einschr\u00e4nken oder untersagen.<\/p>\n<p>Da die Website webbasiert ist, kann es au\u00dferdem zu vor\u00fcbergehenden Unterbrechungen kommen.<\/p>\n<p>Wir werden alle angemessenen Anstrengungen unternehmen, um die Dienste betriebsbereit zu halten. Allerdings k\u00f6nnen technische Schwierigkeiten oder Wartungsarbeiten von Zeit zu Zeit zu vor\u00fcbergehenden Unterbrechungen f\u00fchren. Soweit gesetzlich zul\u00e4ssig, beh\u00e4lt sich das Unternehmen das Recht vor, von Zeit zu Zeit und jederzeit Funktionen und Merkmale der Dienste mit oder ohne Vorank\u00fcndigung vor\u00fcbergehend oder dauerhaft zu \u00e4ndern oder einzustellen, ohne Ihnen gegen\u00fcber f\u00fcr eine Unterbrechung, \u00c4nderung oder Einstellung der Dienste oder einer Funktion oder eines Merkmals derselben zu haften.<\/p>\n<p>&nbsp;<\/p>\n<h3><strong>11. DATENSCHUTZ<\/strong><\/h3>\n<p>Um Ihnen die Dienste zur Verf\u00fcgung stellen zu k\u00f6nnen, erkl\u00e4ren Sie sich damit einverstanden, dass das Unternehmen Ihre pers\u00f6nlichen Daten und\/oder Informationen erfasst, speichert und verarbeitet. Durch den Zugriff auf und\/oder die Nutzung der Dienste hat der Nutzer die Bedingungen der Nutzungsbedingungen gelesen, verstanden und akzeptiert. <a href=\"https:\/\/easylpd.ch\/de\/datenschutzhinweis\/\">Datenschutzbestimmungen<\/a> der Gesellschaft und der <a href=\"https:\/\/easylpd.ch\/de\/cookie-richtlinie\/\">Cookie-Politik<\/a>und erkennt an und stimmt zu, dass das Unternehmen diese Daten und\/oder Informationen in \u00dcbereinstimmung mit den Bedingungen seiner Datenschutzpolitik verwenden kann.<\/p>\n<p>&nbsp;<\/p>\n<h3><strong>12. HAFTUNG<\/strong><\/h3>\n<p>Sie erkl\u00e4ren sich damit einverstanden, das Unternehmen, seine leitenden Angestellten, Aktion\u00e4re, Mitarbeiter, Vertreter, Direktoren, Tochtergesellschaften, verbundenen Unternehmen, Nachfolger, Abtretungsempf\u00e4nger, Lieferanten oder Lizenzgeber im gr\u00f6\u00dftm\u00f6glichen gesetzlich zul\u00e4ssigen Umfang zu entsch\u00e4digen und schadlos zu halten gegen\u00fcber allen Anspr\u00fcchen Dritter und allen Verbindlichkeiten, Sch\u00e4den, Bewertungen, Verlusten, Kosten oder Ausgaben (einschlie\u00dflich angemessener Anwaltsgeb\u00fchren), die sich aus (i) Ihrem angeblichen oder tats\u00e4chlichen Versto\u00df gegen diese Bedingungen, einschlie\u00dflich und ohne Einschr\u00e4nkung Ihrer ausdr\u00fccklichen Zusicherungen und Gew\u00e4hrleistungen, ergeben oder daraus resultieren; (ii) Ihre angebliche oder tats\u00e4chliche Nutzung oder Ihr Missbrauch der Dienste; und (ii) Ihre angebliche oder tats\u00e4chliche Verletzung eines Gesetzes oder der Rechte eines Dritten.<\/p>\n<p>&nbsp;<\/p>\n<h3><strong>13. HAFTUNGSBESCHR\u00c4NKUNG<\/strong><\/h3>\n<p>Diese Bedingungen legen den vollen Umfang unserer Verpflichtungen und Haftungen in Bezug auf die Website fest. Soweit gesetzlich zul\u00e4ssig, schlie\u00dft das Unternehmen alle Gew\u00e4hrleistungen, Garantien und Haftungen aus, die sich auf die Website und ihren Inhalt beziehen oder daraus entstehen.<\/p>\n<p>Insbesondere haftet das Unternehmen nicht f\u00fcr Sch\u00e4den jeglicher Art, einschlie\u00dflich Einkommens- oder Datenverlusten, die dem Besucher, Nutzer oder einer anderen Person durch Handlungen des Unternehmens oder Dritter entstehen. Dies gilt auch f\u00fcr den Missbrauch der Daten des Besuchers und\/oder Nutzers, f\u00fcr Viren oder andere Formen von Schadsoftware, die \u00fcber die Website oder den Server \u00fcbertragen werden, sowie f\u00fcr die Nichteinhaltung der vorliegenden Bedingungen durch die Nutzer und\/oder Besucher.<\/p>\n<p>Das Unternehmen haftet nicht f\u00fcr Personensch\u00e4den, entgangenen Gewinn oder andere Folgesch\u00e4den, besondere Sch\u00e4den, Strafschadensersatz, indirekte oder zuf\u00e4llige Sch\u00e4den, die sich aus oder in Verbindung mit der Nutzung oder der Unf\u00e4higkeit zur Nutzung der Website ergeben.<\/p>\n<p>&nbsp;<\/p>\n<h3><strong>14. LINKS<\/strong><\/h3>\n<p>Die Website kann Links enthalten, die den Nutzer zu Websites Dritter f\u00fchren. Das Unternehmen lehnt jede Haftung f\u00fcr solche Websites Dritter ab, die ausschlie\u00dflich im Interesse der Nutzer und Besucher bereitgestellt werden.<\/p>\n<p>Das Unternehmen hat keinen Einfluss auf den Inhalt von Websites Dritter. Daher kann das Unternehmen keine Gew\u00e4hr f\u00fcr die Richtigkeit, Vollst\u00e4ndigkeit und Sicherheit dieser fremden Inhalte \u00fcbernehmen.<\/p>\n<p>&nbsp;<\/p>\n<h3><strong>15. HAUPTKRAFT<\/strong><\/h3>\n<p>Das Unternehmen verst\u00f6\u00dft nicht gegen diese Bedingungen, wenn die Erf\u00fcllung seiner Verpflichtungen durch \u00e4u\u00dfere Umst\u00e4nde verz\u00f6gert oder verhindert wird, einschlie\u00dflich, aber nicht beschr\u00e4nkt auf, Krieg, Aufstand, Bankrott, Streik, Feuer, \u00dcberschwemmung, Erdbeben, Arbeitskampf, Epidemie, staatliche Vorschriften, Warenembargo, Naturkatastrophen, Regierungsma\u00dfnahmen oder andere Gr\u00fcnde, die au\u00dferhalb der Kontrolle des Unternehmens liegen.<\/p>\n<p>&nbsp;<\/p>\n<h3><strong>16. VOLLST\u00c4NDIGE ZUSTIMMUNG UND TRENNBARKEIT<\/strong><\/h3>\n<p>Diese Bedingungen, die Datenschutzrichtlinie und die Cookie-Richtlinie stellen, vorbehaltlich etwaiger Erg\u00e4nzungen oder \u00c4nderungen, die das Unternehmen von Zeit zu Zeit vornimmt, die gesamte Vereinbarung zwischen Ihnen und dem Unternehmen in Bezug auf Ihre Nutzung der Website dar. Sollte eine Bestimmung dieser Bedingungen von einem Gericht oder einer zust\u00e4ndigen Gerichtsbarkeit f\u00fcr ung\u00fcltig erkl\u00e4rt werden, so wird diese Bestimmung nur auf das erforderliche Mindestma\u00df beschr\u00e4nkt, und die \u00fcbrigen Bestimmungen bleiben in vollem Umfang in Kraft und wirksam.<\/p>\n<p>&nbsp;<\/p>\n<h3><strong>17. KEIN VERZICHT<\/strong><\/h3>\n<p>Das Vers\u00e4umnis des Unternehmens, eine Bestimmung dieser Bedingungen durchzusetzen, stellt keinen Verzicht auf sein Recht dar, dies in Zukunft in Bezug auf diese Bestimmung, eine andere Bestimmung oder diese Bedingungen als Ganzes zu tun.<\/p>\n<p>&nbsp;<\/p>\n<p><strong>18. ZESSION<\/strong><\/p>\n<p>Sie sind nicht berechtigt, Rechte, Lizenzen oder Verpflichtungen aus diesen Bedingungen ohne die vorherige schriftliche Zustimmung des Unternehmens abzutreten. Jeder Versuch einer Abtretung durch Sie ist null und nichtig. Das Unternehmen kann seine Rechte, Lizenzen und Verpflichtungen im Rahmen dieser Bedingungen ohne Einschr\u00e4nkung und ohne vorherige Zustimmung abtreten.<\/p>\n<p>&nbsp;<\/p>\n<h3><strong>19. KEINE PARTNERSCHAFT<\/strong><\/h3>\n<p>Keine der in diesen Nutzungsbedingungen enthaltenen Bestimmungen darf so ausgelegt werden, dass sie ein Auftraggeber-Vertreter-, Partnerschafts- oder Joint-Venture-Verh\u00e4ltnis zwischen dem Nutzer und dem Unternehmen begr\u00fcndet.<\/p>\n<p>&nbsp;<\/p>\n<h3><strong>20. ANWENDBARES RECHT UND GERICHTSSTAND<\/strong><\/h3>\n<p>Diese Bedingungen und Ihre Nutzung der Website sowie alle Angelegenheiten, die sich aus oder im Zusammenhang mit diesen Bedingungen ergeben (einschlie\u00dflich au\u00dfervertraglicher Streitigkeiten oder Anspr\u00fcche und deren Auslegung), unterliegen den Gesetzen der Schweiz. Jegliche Anspr\u00fcche oder Streitigkeiten, die sich aus oder in Verbindung mit diesen Bedingungen ergeben (einschlie\u00dflich au\u00dfervertraglicher Streitigkeiten oder Anspr\u00fcche und deren Auslegung), unterliegen der ausschlie\u00dflichen Zust\u00e4ndigkeit der Gerichte von Lugano, Schweiz, vorbehaltlich der Anrufung des Schweizerischen Bundesgerichts.<\/p>\n<p>Sie erkl\u00e4ren sich damit einverstanden, dass jede Streitigkeit zwischen Ihnen und dem Unternehmen pers\u00f6nlich ist und dass jede Streitigkeit nur durch einen individuellen Rechtsstreit beigelegt wird und nicht als Sammelklage oder in einem anderen repr\u00e4sentativen Verfahren vorgebracht wird. Sie erkl\u00e4ren sich damit einverstanden, dass eine Streitigkeit nicht als Sammelklage oder repr\u00e4sentatives Verfahren oder im Namen einer oder mehrerer anderer Personen vorgebracht werden kann.<\/p>\n<p>Im Falle eines Rechtsstreits sind Sie verpflichtet, die Vertraulichkeit aller Verfahren zu wahren, einschlie\u00dflich, aber nicht beschr\u00e4nkt auf alle Informationen, die f\u00fcr die Zwecke des Rechtsstreits oder im Zusammenhang mit dem\/den fraglichen Rechtsstreit(en) gesammelt, vorbereitet und \u00fcbermittelt wurden.<\/p>\n<p>&nbsp;<\/p>\n<h3><strong>21. KONTAKTE<\/strong><\/h3>\n<p>Wenn Sie Fragen zu diesen Bedingungen haben, k\u00f6nnen Sie uns unter contact@easylpd.ch kontaktieren.<\/p>","protected":false},"excerpt":{"rendered":"<p>Termini di Utilizzo &nbsp; Data di entrata in vigore: 30\/4\/2023 Ultimo aggiornamento: 30\/4\/2023 &nbsp; Accedendo al sito web https:\/\/easylpd.ch, l&#8217;utente accetta di essere vincolato da questi termini di servizio, da&#8230;<\/p>","protected":false},"author":1,"featured_media":0,"parent":0,"menu_order":0,"comment_status":"closed","ping_status":"open","template":"","meta":{"_themeisle_gutenberg_block_has_review":false,"footnotes":""},"class_list":["post-259","page","type-page","status-publish"],"aioseo_notices":[],"_links":{"self":[{"href":"https:\/\/easylpd.ch\/de\/wp-json\/wp\/v2\/pages\/259","targetHints":{"allow":["GET"]}}],"collection":[{"href":"https:\/\/easylpd.ch\/de\/wp-json\/wp\/v2\/pages"}],"about":[{"href":"https:\/\/easylpd.ch\/de\/wp-json\/wp\/v2\/types\/page"}],"author":[{"embeddable":true,"href":"https:\/\/easylpd.ch\/de\/wp-json\/wp\/v2\/users\/1"}],"replies":[{"embeddable":true,"href":"https:\/\/easylpd.ch\/de\/wp-json\/wp\/v2\/comments?post=259"}],"version-history":[{"count":5,"href":"https:\/\/easylpd.ch\/de\/wp-json\/wp\/v2\/pages\/259\/revisions"}],"predecessor-version":[{"id":283,"href":"https:\/\/easylpd.ch\/de\/wp-json\/wp\/v2\/pages\/259\/revisions\/283"}],"wp:attachment":[{"href":"https:\/\/easylpd.ch\/de\/wp-json\/wp\/v2\/media?parent=259"}],"curies":[{"name":"wp","href":"https:\/\/api.w.org\/{rel}","templated":true}]}}