{"id":257,"date":"2023-04-30T08:15:38","date_gmt":"2023-04-30T06:15:38","guid":{"rendered":"https:\/\/easylpd.ch\/?page_id=257"},"modified":"2023-05-01T08:42:47","modified_gmt":"2023-05-01T06:42:47","slug":"cookie-policy","status":"publish","type":"page","link":"https:\/\/easylpd.ch\/de\/cookie-richtlinie\/","title":{"rendered":"Cookie-Richtlinie"},"content":{"rendered":"<h1 class=\"cookie-policy-h1 wp-block-heading\">Cookie-Richtlinie<\/h1>\r\n<p>Datum des Inkrafttretens: 30\/4\/2023 <br \/>Letzte Aktualisierung: 30\/4\/2023<\/p>\r\n<p>&nbsp;<\/p>\r\n<h2 class=\"wp-block-heading\">\u00dcber uns<\/h2>\r\n\r\n\r\n\r\n<p><strong class=\"privacy-policy-tutorial\">Die Adresse unserer Website lautet:<\/strong> <a href=\"https:\/\/easylpd.ch\/de\/\">https:\/\/easylpd.ch<\/a>.<\/p>\r\n<p>&nbsp;<\/p>\r\n\r\n<h2>Was sind Cookies?<\/h2>\r\n<div class=\"cookie-policy-p\">\r\n<p>In dieser Richtlinie wird erl\u00e4utert, was Cookies sind und wie wir sie verwenden, welche Arten von Cookies wir verwenden, welche Informationen wir mit Hilfe von Cookies sammeln und wie wir sie verwenden, und wie Sie Ihre Cookie-Einstellungen verwalten k\u00f6nnen.<\/p>\r\n<p>Cookies sind kleine Textdateien, die dazu dienen, kleine Informationen zu speichern. Sie werden auf Ihrem Ger\u00e4t gespeichert, wenn die Website in Ihrem Browser geladen wird. Diese Cookies helfen uns, die Website ordnungsgem\u00e4\u00df zu betreiben, sie sicherer zu machen, die Nutzererfahrung zu verbessern, zu verstehen, wie die Website funktioniert, und zu analysieren, was funktioniert und wo sie verbessert werden muss.<\/p>\r\n<\/div>\r\n<p>&nbsp;<\/p>\r\n<h2>Wie verwenden wir Cookies?<\/h2>\r\n<div class=\"cookie-policy-p\">\r\n<p>Wie die meisten Online-Dienste verwendet auch unsere Website direkte Cookies und Cookies von Drittanbietern f\u00fcr unterschiedliche Zwecke. Direkte Cookies sind meist f\u00fcr das ordnungsgem\u00e4\u00dfe Funktionieren der Website erforderlich und erfassen keine personenbezogenen Daten.<\/p>\r\n<p>Die auf unserer Website verwendeten Cookies von Drittanbietern werden haupts\u00e4chlich verwendet, um zu verstehen, wie die Website funktioniert, wie Sie mit unserer Website interagieren, um unsere Dienste sicher zu halten, um f\u00fcr Sie relevante Werbung bereitzustellen und um Ihnen generell eine bessere und verbesserte Benutzererfahrung zu bieten und Ihre zuk\u00fcnftigen Interaktionen mit unserer Website zu beschleunigen.<\/p>\r\n<\/div>\r\n<p>&nbsp;<\/p>\r\n<h2>Arten von Cookies, die wir verwenden<\/h2>\r\n<div class=\"cky-audit-table-element\">\u00a0<\/div>\r\n<p>&nbsp;<\/p>\r\n<h2 style=\"margin-bottom: 20px;\">Verwaltung von Cookie-Einstellungen<\/h2>\r\n<p>Cookie-Einstellungen<\/p>\r\n<div>\r\n<p>Sie k\u00f6nnen Ihre Cookie-Einstellungen jederzeit \u00e4ndern, indem Sie auf die obige Schaltfl\u00e4che klicken. Auf diese Weise k\u00f6nnen Sie das Cookie-Einwilligungsbanner anzeigen und Ihre Einstellungen \u00e4ndern oder Ihre Einwilligung sofort widerrufen.<\/p>\r\n<p>Dar\u00fcber hinaus bieten verschiedene Browser unterschiedliche Methoden zum Blockieren und L\u00f6schen von Cookies, die von Websites verwendet werden. Sie k\u00f6nnen Ihre Browsereinstellungen \u00e4ndern, um Cookies zu blockieren\/l\u00f6schen. Nachstehend finden Sie Links zu Support-Dokumenten \u00fcber die Verwaltung und L\u00f6schung von Cookies in den wichtigsten Webbrowsern.<\/p>\r\n<p>Chrom: <a href=\"https:\/\/support.google.com\/accounts\/answer\/32050\" target=\"_blank\" rel=\"noopener\">https:\/\/support.google.com\/accounts\/answer\/32050<\/a><\/p>\r\n<p>Safari: <a href=\"https:\/\/support.apple.com\/en-in\/guide\/safari\/sfri11471\/mac\" target=\"_blank\" rel=\"noopener\">https:\/\/support.apple.com\/en-in\/guide\/safari\/sfri11471\/mac<\/a><\/p>\r\n<p>Firefox: <a href=\"https:\/\/support.mozilla.org\/en-US\/kb\/clear-cookies-and-site-data-firefox?redirectslug=delete-cookies-remove-info-websites-stored&amp;redirectlocale=en-US\" target=\"_blank\" rel=\"noopener\">https:\/\/support.mozilla.org\/en-US\/kb\/clear-cookies-and-site-data-firefox?redirectslug=delete-cookies-remove-info-websites-stored&amp;redirectlocale=en-US<\/a><\/p>\r\n<p>Internet Explorer: <a href=\"https:\/\/support.microsoft.com\/en-us\/topic\/how-to-delete-cookie-files-in-internet-explorer-bca9446f-d873-78de-77ba-d42645fa52fc\" target=\"_blank\" rel=\"noopener\">https:\/\/support.microsoft.com\/en-us\/topic\/how-to-delete-cookie-files-in-internet-explorer-bca9446f-d873-78de-77ba-d42645fa52fc<\/a><\/p>\r\n<p>Wenn Sie einen anderen Webbrowser verwenden, lesen Sie bitte die offiziellen Support-Dokumente des Browsers.<\/p>\r\n<\/div>","protected":false},"excerpt":{"rendered":"<p>Cookie-Richtlinie G\u00fcltigkeitsdatum: 30\/4\/2023 Letzte Aktualisierung: 30\/4\/2023 \u00dcber uns Die Adresse unserer Website lautet: https:\/\/easylpd.ch.   Was sind Cookies? Diese Richtlinie erkl\u00e4rt...<\/p>","protected":false},"author":1,"featured_media":0,"parent":0,"menu_order":0,"comment_status":"closed","ping_status":"open","template":"","meta":{"_themeisle_gutenberg_block_has_review":false,"footnotes":""},"class_list":["post-257","page","type-page","status-publish"],"aioseo_notices":[],"_links":{"self":[{"href":"https:\/\/easylpd.ch\/de\/wp-json\/wp\/v2\/pages\/257","targetHints":{"allow":["GET"]}}],"collection":[{"href":"https:\/\/easylpd.ch\/de\/wp-json\/wp\/v2\/pages"}],"about":[{"href":"https:\/\/easylpd.ch\/de\/wp-json\/wp\/v2\/types\/page"}],"author":[{"embeddable":true,"href":"https:\/\/easylpd.ch\/de\/wp-json\/wp\/v2\/users\/1"}],"replies":[{"embeddable":true,"href":"https:\/\/easylpd.ch\/de\/wp-json\/wp\/v2\/comments?post=257"}],"version-history":[{"count":5,"href":"https:\/\/easylpd.ch\/de\/wp-json\/wp\/v2\/pages\/257\/revisions"}],"predecessor-version":[{"id":282,"href":"https:\/\/easylpd.ch\/de\/wp-json\/wp\/v2\/pages\/257\/revisions\/282"}],"wp:attachment":[{"href":"https:\/\/easylpd.ch\/de\/wp-json\/wp\/v2\/media?parent=257"}],"curies":[{"name":"wp","href":"https:\/\/api.w.org\/{rel}","templated":true}]}}